{"id":5948,"date":"2019-06-10T18:53:16","date_gmt":"2019-06-10T18:53:16","guid":{"rendered":"http:\/\/settegraal.com.br\/comunicacao\/?page_id=5948"},"modified":"2019-06-13T18:57:53","modified_gmt":"2019-06-13T18:57:53","slug":"emplaviplatinummall","status":"publish","type":"page","link":"https:\/\/settegraal.com.br\/comunicacao\/emplaviplatinummall\/","title":{"rendered":"Platinum Mall"},"content":{"rendered":"<p>[et_pb_section fb_built=&#8221;1&#8243; fullwidth=&#8221;on&#8221; admin_label=&#8221;Header Section&#8221; _builder_version=&#8221;3.22.3&#8243; background_color=&#8221;#000000&#8243; custom_padding=&#8221;|||&#8221;][et_pb_fullwidth_menu menu_id=&#8221;7&#8243; submenu_direction=&#8221;downwards&#8221; fullwidth_menu=&#8221;off&#8221; disabled_on=&#8221;on|off|off&#8221; admin_label=&#8221;Fullwidth Menu&#8221; _builder_version=&#8221;3.0.105&#8243; menu_font_size=&#8221;16px&#8221; background_color=&#8221;#303b40&#8243; text_orientation=&#8221;right&#8221; background_layout=&#8221;dark&#8221; global_module=&#8221;5596&#8243; saved_tabs=&#8221;all&#8221;]<\/p>\n<p>&nbsp;<\/p>\n<p>[\/et_pb_fullwidth_menu][et_pb_fullwidth_image src=&#8221;https:\/\/settegraal.com.br\/comunicacao\/wp-content\/uploads\/2019\/06\/Platinum_mkp.jpg&#8221; _builder_version=&#8221;3.24&#8243;][\/et_pb_fullwidth_image][\/et_pb_section][et_pb_section fb_built=&#8221;1&#8243; admin_label=&#8221;Marca e defesa&#8221; _builder_version=&#8221;3.24&#8243; background_color_gradient_direction=&#8221;90deg&#8221; custom_padding=&#8221;4%|0px|0px|0px&#8221; custom_css_main_element=&#8221;align-items:center;&#8221;][et_pb_row _builder_version=&#8221;3.24&#8243;][et_pb_column type=&#8221;4_4&#8243; _builder_version=&#8221;3.24&#8243;][et_pb_text admin_label=&#8221;Tit&#8221; _builder_version=&#8221;3.24&#8243; text_font=&#8221;||||||||&#8221; text_text_color=&#8221;#546670&#8243; header_font=&#8221;Oswald|700||on|||||&#8221; header_text_align=&#8221;center&#8221; header_text_color=&#8221;#546670&#8243; header_font_size=&#8221;25px&#8221; header_letter_spacing=&#8221;5px&#8221;]<\/p>\n<h1>O real valor de uma boa marca<\/h1>\n<p>[\/et_pb_text][\/et_pb_column][\/et_pb_row][et_pb_row make_equal=&#8221;on&#8221; _builder_version=&#8221;3.24&#8243; custom_css_main_element=&#8221;align-items:center;&#8221;][et_pb_column type=&#8221;1_2&#8243; _builder_version=&#8221;3.24&#8243;][et_pb_image src=&#8221;https:\/\/settegraal.com.br\/comunicacao\/wp-content\/uploads\/2019\/06\/SimboloPlatina.png&#8221; admin_label=&#8221;Flor&#8221; _builder_version=&#8221;3.24&#8243; animation_style=&#8221;fade&#8221; animation_direction=&#8221;left&#8221;][\/et_pb_image][\/et_pb_column][et_pb_column type=&#8221;1_2&#8243; _builder_version=&#8221;3.24&#8243;][et_pb_text admin_label=&#8221;txt Defesa&#8221; _builder_version=&#8221;3.24&#8243; text_font=&#8221;Nunito||||||||&#8221; text_font_size=&#8221;18px&#8221; text_line_height=&#8221;1.8em&#8221; header_text_align=&#8221;center&#8221; header_3_font=&#8221;Oswald|||on|||||&#8221; header_3_font_size=&#8221;42px&#8221; header_3_letter_spacing=&#8221;2px&#8221; header_3_line_height=&#8221;1.5em&#8221; max_width_last_edited=&#8221;off|desktop&#8221; module_alignment=&#8221;left&#8221; custom_margin=&#8221;|||&#8221; locked=&#8221;off&#8221;]<\/p>\n<p dir=\"ltr\">O projeto de branding do novo empreendimento empresarial da Emplavi deveria traduzir um novo patamar de exclusividade e alto padr\u00e3o. Por isso, depois de definido o nome, fomos na etimologia e no s\u00edmbolo do nome para criar a identidade visual.<\/p>\n<p dir=\"ltr\">O platinum, vindo do latim, quando traduzido para portugu\u00eas \u00e9 o elemento qu\u00edmico Platina, um dos metais mais raros e de maior valor no mundo. Na alquimia o s\u00edmbolo da platina surge da uni\u00e3o do s\u00edmbolo da prata, a meia lua, com o do ouro, o c\u00edrculo aberto que cont\u00e9m um segundo c\u00edrculo fechado em seu interior.<\/p>\n<p>[\/et_pb_text][\/et_pb_column][\/et_pb_row][et_pb_row admin_label=&#8221;Logo&#8221; _builder_version=&#8221;3.24&#8243; width=&#8221;100%&#8221;][et_pb_column type=&#8221;4_4&#8243; _builder_version=&#8221;3.24&#8243;][et_pb_image src=&#8221;https:\/\/settegraal.com.br\/comunicacao\/wp-content\/uploads\/2019\/06\/LogosPlatinumMall.png&#8221; _builder_version=&#8221;3.24&#8243;][\/et_pb_image][\/et_pb_column][\/et_pb_row][et_pb_row custom_padding=&#8221;||&#8221; padding_top_1=&#8221;60px&#8221; _builder_version=&#8221;3.24&#8243; width=&#8221;90%&#8221;][et_pb_column type=&#8221;4_4&#8243; _builder_version=&#8221;3.24&#8243;][et_pb_text admin_label=&#8221;txt Book de Vendas&#8221; _builder_version=&#8221;3.24&#8243; text_font=&#8221;||||||||&#8221; text_text_color=&#8221;#546670&#8243; header_font=&#8221;Oswald|700||on|||||&#8221; header_text_align=&#8221;center&#8221; header_text_color=&#8221;#546670&#8243; header_font_size=&#8221;25px&#8221; header_letter_spacing=&#8221;5px&#8221;]<\/p>\n<h1>Book de Vendas do Empreendimento<\/h1>\n<p>[\/et_pb_text][\/et_pb_column][\/et_pb_row][et_pb_row admin_label=&#8221;Book&#8221; _builder_version=&#8221;3.24&#8243; width=&#8221;100%&#8221;][et_pb_column type=&#8221;4_4&#8243; _builder_version=&#8221;3.24&#8243;][et_pb_image src=&#8221;https:\/\/settegraal.com.br\/comunicacao\/wp-content\/uploads\/2019\/06\/book-platinum-1-1.jpg&#8221; _builder_version=&#8221;3.24&#8243; animation_style=&#8221;fade&#8221;][\/et_pb_image][et_pb_image src=&#8221;https:\/\/settegraal.com.br\/comunicacao\/wp-content\/uploads\/2019\/06\/book-platinum-2.jpg&#8221; admin_label=&#8221;Image&#8221; _builder_version=&#8221;3.24&#8243; animation_style=&#8221;fade&#8221;][\/et_pb_image][et_pb_image src=&#8221;https:\/\/settegraal.com.br\/comunicacao\/wp-content\/uploads\/2019\/06\/book-platinum-3.jpg&#8221; admin_label=&#8221;Image&#8221; _builder_version=&#8221;3.24&#8243; animation_style=&#8221;fade&#8221;][\/et_pb_image][et_pb_image src=&#8221;https:\/\/settegraal.com.br\/comunicacao\/wp-content\/uploads\/2019\/06\/book-platinum-4.jpg&#8221; admin_label=&#8221;Image&#8221; _builder_version=&#8221;3.24&#8243; animation_style=&#8221;fade&#8221;][\/et_pb_image][\/et_pb_column][\/et_pb_row][\/et_pb_section][et_pb_section fb_built=&#8221;1&#8243; admin_label=&#8221;Links Branding&#8221; _builder_version=&#8221;3.24&#8243; custom_margin=&#8221;||6%&#8221; custom_padding=&#8221;||6%&#8221; global_module=&#8221;6117&#8243; saved_tabs=&#8221;all&#8221;][et_pb_row _builder_version=&#8221;3.24&#8243;][et_pb_column type=&#8221;4_4&#8243; _builder_version=&#8221;3.24&#8243;][et_pb_button button_url=&#8221;https:\/\/settegraal.com.br\/comunicacao\/branding&#8221; button_text=&#8221;Voltar&#8221; button_alignment=&#8221;center&#8221; _builder_version=&#8221;3.24&#8243; custom_button=&#8221;on&#8221; button_text_size=&#8221;28px&#8221; button_text_color=&#8221;#00b0bd&#8221; button_bg_color=&#8221;#546670&#8243; button_border_width=&#8221;0px&#8221; button_font=&#8221;Oswald||||||||&#8221; button_icon=&#8221;%%27%%&#8221; button_icon_color=&#8221;#00b0bd&#8221; button_text_size_phone=&#8221;22px&#8221; button_text_size_last_edited=&#8221;on|phone&#8221;][\/et_pb_button][\/et_pb_column][\/et_pb_row][et_pb_row use_custom_gutter=&#8221;on&#8221; gutter_width=&#8221;1&#8243; _builder_version=&#8221;3.24&#8243;][et_pb_column type=&#8221;1_4&#8243; _builder_version=&#8221;3.24&#8243;][et_pb_image src=&#8221;https:\/\/settegraal.com.br\/comunicacao\/wp-content\/uploads\/2019\/06\/IGES-DF.png&#8221; url=&#8221;https:\/\/settegraal.com.br\/comunicacao\/igesdf\/&#8221; use_overlay=&#8221;on&#8221; overlay_icon_color=&#8221;#ffffff&#8221; hover_overlay_color=&#8221;rgba(85,102,112,0.77)&#8221; hover_icon=&#8221;%%51%%&#8221; show_bottom_space=&#8221;off&#8221; align=&#8221;center&#8221; force_fullwidth=&#8221;on&#8221; align_tablet=&#8221;center&#8221; align_last_edited=&#8221;on|desktop&#8221; admin_label=&#8221;IGES DF&#8221; _builder_version=&#8221;3.24&#8243; custom_margin=&#8221;0px|0px||0px&#8221; custom_padding=&#8221;0px|0px||0px&#8221; filter_saturate=&#8221;0%&#8221;][\/et_pb_image][et_pb_image src=&#8221;https:\/\/settegraal.com.br\/comunicacao\/wp-content\/uploads\/2019\/06\/BotaoAcacias.png&#8221; url=&#8221;https:\/\/settegraal.com.br\/comunicacao\/emplaviacacias\/&#8221; use_overlay=&#8221;on&#8221; overlay_icon_color=&#8221;#ffffff&#8221; hover_overlay_color=&#8221;rgba(85,102,112,0.77)&#8221; hover_icon=&#8221;%%51%%&#8221; show_bottom_space=&#8221;off&#8221; align=&#8221;center&#8221; force_fullwidth=&#8221;on&#8221; align_tablet=&#8221;center&#8221; align_last_edited=&#8221;on|desktop&#8221; admin_label=&#8221;Parque das Ac\u00e1cias&#8221; _builder_version=&#8221;3.24&#8243; custom_margin=&#8221;0px|0px||0px&#8221; custom_padding=&#8221;0px|0px||0px&#8221; filter_saturate=&#8221;0%&#8221;][\/et_pb_image][\/et_pb_column][et_pb_column type=&#8221;1_4&#8243; _builder_version=&#8221;3.24&#8243;][et_pb_image src=&#8221;https:\/\/settegraal.com.br\/comunicacao\/wp-content\/uploads\/2019\/06\/Acougue61.png&#8221; url=&#8221;https:\/\/settegraal.com.br\/comunicacao\/acougue61\/&#8221; use_overlay=&#8221;on&#8221; overlay_icon_color=&#8221;#ffffff&#8221; hover_overlay_color=&#8221;rgba(85,102,112,0.77)&#8221; hover_icon=&#8221;%%51%%&#8221; align=&#8221;center&#8221; force_fullwidth=&#8221;on&#8221; align_tablet=&#8221;center&#8221; align_last_edited=&#8221;on|desktop&#8221; admin_label=&#8221;A\u00e7ougue 61&#8243; _builder_version=&#8221;3.24&#8243; custom_margin=&#8221;0px|0px||0px&#8221; custom_padding=&#8221;0px|0px||0px&#8221; filter_saturate=&#8221;0%&#8221;][\/et_pb_image][et_pb_image src=&#8221;https:\/\/settegraal.com.br\/comunicacao\/wp-content\/uploads\/2019\/06\/BotaoTulipas.png&#8221; url=&#8221;https:\/\/settegraal.com.br\/comunicacao\/emplavitulipas\/&#8221; use_overlay=&#8221;on&#8221; overlay_icon_color=&#8221;#ffffff&#8221; hover_overlay_color=&#8221;rgba(85,102,112,0.77)&#8221; hover_icon=&#8221;%%51%%&#8221; align=&#8221;center&#8221; force_fullwidth=&#8221;on&#8221; align_tablet=&#8221;center&#8221; align_last_edited=&#8221;on|desktop&#8221; admin_label=&#8221;Parque das Tulipas&#8221; _builder_version=&#8221;3.24&#8243; custom_margin=&#8221;0px|0px||0px&#8221; custom_padding=&#8221;0px|0px||0px&#8221; filter_saturate=&#8221;0%&#8221;][\/et_pb_image][\/et_pb_column][et_pb_column type=&#8221;1_4&#8243; _builder_version=&#8221;3.24&#8243;][et_pb_image src=&#8221;https:\/\/settegraal.com.br\/comunicacao\/wp-content\/uploads\/2019\/06\/BotaoPlatinumMall.png&#8221; url=&#8221;https:\/\/settegraal.com.br\/comunicacao\/emplaviplatinummall\/&#8221; use_overlay=&#8221;on&#8221; overlay_icon_color=&#8221;#ffffff&#8221; hover_overlay_color=&#8221;rgba(85,102,112,0.77)&#8221; hover_icon=&#8221;%%51%%&#8221; align=&#8221;center&#8221; force_fullwidth=&#8221;on&#8221; align_tablet=&#8221;center&#8221; align_last_edited=&#8221;on|desktop&#8221; admin_label=&#8221;Platinummall&#8221; _builder_version=&#8221;3.24&#8243; custom_margin=&#8221;0px|0px||0px&#8221; custom_padding=&#8221;0px|0px||0px&#8221; filter_saturate=&#8221;0%&#8221;][\/et_pb_image][et_pb_image src=&#8221;https:\/\/settegraal.com.br\/comunicacao\/wp-content\/uploads\/2019\/06\/BotaoCamelias.png&#8221; url=&#8221;https:\/\/settegraal.com.br\/comunicacao\/emplavicamelias\/&#8221; use_overlay=&#8221;on&#8221; overlay_icon_color=&#8221;#ffffff&#8221; hover_overlay_color=&#8221;rgba(85,102,112,0.77)&#8221; hover_icon=&#8221;%%51%%&#8221; show_bottom_space=&#8221;off&#8221; align=&#8221;center&#8221; force_fullwidth=&#8221;on&#8221; align_tablet=&#8221;center&#8221; align_last_edited=&#8221;on|desktop&#8221; admin_label=&#8221;Parque das Cam\u00e9lias&#8221; _builder_version=&#8221;3.24&#8243; custom_margin=&#8221;0px|0px||0px&#8221; custom_padding=&#8221;0px|0px||0px&#8221; filter_saturate=&#8221;0%&#8221;][\/et_pb_image][\/et_pb_column][et_pb_column type=&#8221;1_4&#8243; _builder_version=&#8221;3.24&#8243;][et_pb_image src=&#8221;https:\/\/settegraal.com.br\/comunicacao\/wp-content\/uploads\/2019\/06\/UrbanizadoraParanoazinho.png&#8221; url=&#8221;https:\/\/settegraal.com.br\/comunicacao\/up\/&#8221; use_overlay=&#8221;on&#8221; overlay_icon_color=&#8221;#ffffff&#8221; hover_overlay_color=&#8221;rgba(85,102,112,0.77)&#8221; hover_icon=&#8221;%%51%%&#8221; show_bottom_space=&#8221;off&#8221; align=&#8221;center&#8221; force_fullwidth=&#8221;on&#8221; align_tablet=&#8221;center&#8221; align_last_edited=&#8221;on|desktop&#8221; admin_label=&#8221;Urbanizadora Paranoazinho&#8221; _builder_version=&#8221;3.24&#8243; custom_margin=&#8221;0px|0px||0px&#8221; custom_padding=&#8221;0px|0px||0px&#8221; filter_saturate=&#8221;0%&#8221;][\/et_pb_image][et_pb_image src=&#8221;https:\/\/settegraal.com.br\/comunicacao\/wp-content\/uploads\/2019\/06\/BotaoCerejeiras.png&#8221; url=&#8221;https:\/\/settegraal.com.br\/comunicacao\/emplavicerejeiras\/&#8221; use_overlay=&#8221;on&#8221; overlay_icon_color=&#8221;#ffffff&#8221; hover_overlay_color=&#8221;rgba(85,102,112,0.77)&#8221; hover_icon=&#8221;%%51%%&#8221; align=&#8221;center&#8221; force_fullwidth=&#8221;on&#8221; align_tablet=&#8221;center&#8221; align_last_edited=&#8221;on|desktop&#8221; admin_label=&#8221;Jardins das Cerejeiras&#8221; _builder_version=&#8221;3.24&#8243; custom_margin=&#8221;0px|0px||0px&#8221; custom_padding=&#8221;0px|0px||0px&#8221; filter_saturate=&#8221;0%&#8221;][\/et_pb_image][\/et_pb_column][\/et_pb_row][\/et_pb_section][et_pb_section fb_built=&#8221;1&#8243; admin_label=&#8221;Footer&#8221; module_id=&#8221;contato&#8221; _builder_version=&#8221;3.22.3&#8243; background_color_gradient_direction=&#8221;90deg&#8221; background_image=&#8221;https:\/\/settegraal.com.br\/comunicacao\/wp-content\/uploads\/2018\/03\/BGContato.jpg&#8221; parallax=&#8221;on&#8221; custom_padding=&#8221;0px|0px|0px|0px&#8221; saved_tabs=&#8221;all&#8221; locked=&#8221;off&#8221; global_module=&#8221;6215&#8243;][et_pb_row use_custom_gutter=&#8221;on&#8221; gutter_width=&#8221;1&#8243; custom_padding=&#8221;0px|0px|0px|0px&#8221; custom_margin=&#8221;|||&#8221; make_equal=&#8221;on&#8221; background_color_1=&#8221;rgba(0,0,0,0.3)&#8221; background_color_2=&#8221;rgba(0,0,0,0.5)&#8221; padding_top_1=&#8221;100px&#8221; padding_top_2=&#8221;100px&#8221; padding_right_1=&#8221;10%&#8221; padding_right_2=&#8221;10%&#8221; padding_bottom_1=&#8221;100px&#8221; padding_bottom_2=&#8221;100px&#8221; padding_left_1=&#8221;10%&#8221; padding_left_2=&#8221;10%&#8221; padding_1_last_edited=&#8221;on|phone&#8221; admin_label=&#8221;Footer Row&#8221; module_class=&#8221; et_pb_row_fullwidth&#8221; _builder_version=&#8221;3.22.3&#8243; width=&#8221;100%&#8221; width_tablet=&#8221;100%&#8221; width_last_edited=&#8221;on|desktop&#8221; max_width=&#8221;100%&#8221; max_width_tablet=&#8221;100%&#8221; max_width_last_edited=&#8221;on|desktop&#8221; animation_style=&#8221;fade&#8221; make_fullwidth=&#8221;on&#8221;][et_pb_column type=&#8221;1_2&#8243; _builder_version=&#8221;3.0.47&#8243;][et_pb_text admin_label=&#8221;Endere\u00e7o&#8221; _builder_version=&#8221;3.0.105&#8243; text_font=&#8221;Oswald||||&#8221; header_2_font=&#8221;Oswald|||on|||||&#8221; header_2_text_align=&#8221;left&#8221; header_2_font_size=&#8221;40px&#8221; header_2_letter_spacing=&#8221;2px&#8221; header_2_line_height=&#8221;1.5em&#8221; background_layout=&#8221;dark&#8221; custom_margin=&#8221;||4%|&#8221; locked=&#8221;off&#8221;]<\/p>\n<h2>Endere\u00e7o<\/h2>\n<p>[\/et_pb_text][et_pb_text admin_label=&#8221;Edif\u00edcio Casablanca II&#8221; _builder_version=&#8221;3.0.105&#8243; text_font=&#8221;Nunito||||&#8221; text_font_size=&#8221;16px&#8221; text_line_height=&#8221;1.5em&#8221; header_font=&#8221;Oswald|||on|&#8221; header_font_size=&#8221;16px&#8221; header_letter_spacing=&#8221;2px&#8221; header_line_height=&#8221;1.7em&#8221; header_4_font=&#8221;Oswald|||on|||||&#8221; header_4_text_color=&#8221;#00b0bb&#8221; header_4_font_size=&#8221;16px&#8221; header_4_letter_spacing=&#8221;1px&#8221; header_4_line_height=&#8221;1.5em&#8221; background_layout=&#8221;dark&#8221; custom_margin=&#8221;||6%|&#8221;]<\/p>\n<h4>Edif\u00edcio Casablanca II &#8211; Sala 104<\/h4>\n<p>EQS 114\/115 Lote A Conjunto A Bloco 03 &#8211; Asa Sul &#8211; Bras\u00edlia\/DF &#8211; 70377-400<br \/>\n[\/et_pb_text][et_pb_map address=&#8221;Asa Sul Entrequadra Sul 114\/115 &#8211; Bras\u00edlia, DF, 70200-001, Brazil&#8221; zoom_level=&#8221;17&#8243; address_lat=&#8221;-15.8296554&#8243; address_lng=&#8221;-47.920866899999965&#8243; _builder_version=&#8221;3.0.105&#8243;][et_pb_map_pin pin_address=&#8221;0 &#8211; Asa Sul Entrequadra Sul 114\/115 &#8211; Asa Sul, Bras\u00edlia &#8211; DF, 70377-400, Brazil&#8221; pin_address_lat=&#8221;-15.829562746649277&#8243; pin_address_lng=&#8221;-47.92103485211487&#8243; _builder_version=&#8221;3.0.105&#8243;][\/et_pb_map_pin][\/et_pb_map][\/et_pb_column][et_pb_column type=&#8221;1_2&#8243; _builder_version=&#8221;3.0.47&#8243;][et_pb_text admin_label=&#8221;Contato&#8221; _builder_version=&#8221;3.0.105&#8243; text_font=&#8221;Oswald||||&#8221; header_2_font=&#8221;Oswald|||on|||||&#8221; header_2_text_align=&#8221;left&#8221; header_2_font_size=&#8221;40px&#8221; header_2_letter_spacing=&#8221;2px&#8221; header_2_line_height=&#8221;1.5em&#8221; background_layout=&#8221;dark&#8221; custom_margin=&#8221;||4%|&#8221; custom_padding=&#8221;|||&#8221; locked=&#8221;off&#8221;]<\/p>\n<h2>CONTATO<\/h2>\n<p>[\/et_pb_text][et_pb_text admin_label=&#8221;Caf\u00e9&#8221; _builder_version=&#8221;3.0.105&#8243; text_font=&#8221;Nunito||||&#8221; text_font_size=&#8221;16px&#8221; header_font=&#8221;Oswald|||on|&#8221; header_text_color=&#8221;#dca57d&#8221; header_font_size=&#8221;16px&#8221; header_letter_spacing=&#8221;2px&#8221; header_line_height=&#8221;1.7em&#8221; header_4_font=&#8221;Oswald|||on|||||&#8221; header_4_text_color=&#8221;#00b0bb&#8221; header_4_font_size=&#8221;16px&#8221; header_4_letter_spacing=&#8221;1px&#8221; header_4_line_height=&#8221;1.5em&#8221; background_layout=&#8221;dark&#8221; custom_margin=&#8221;||6%|&#8221;]<\/p>\n<h4><span lang=\"PT-BR\">Se est\u00e1 na hora de fazer mais pelo seu neg\u00f3cio, Ent\u00e3o j\u00e1 passou da hora de falar com a gente.<\/span><\/h4>\n<p>[\/et_pb_text][et_pb_contact_form email=&#8221;settegraal@settegraal.com.br&#8221; success_message=&#8221;Mensagem enviada com sucesso! Entraremos em contato em breve. &#8221; submit_button_text=&#8221;Enviar&#8221; admin_label=&#8221;Formul\u00e1rio&#8221; module_id=&#8221;et_pb_contact_form_0&#8243; _builder_version=&#8221;3.0.105&#8243; custom_button=&#8221;on&#8221; button_text_color=&#8221;#00b0bb&#8221;][et_pb_contact_field field_id=&#8221;Nome&#8221; field_title=&#8221;Nome&#8221; _builder_version=&#8221;3.16&#8243; button_text_size__hover_enabled=&#8221;off&#8221; button_one_text_size__hover_enabled=&#8221;off&#8221; button_two_text_size__hover_enabled=&#8221;off&#8221; button_text_color__hover_enabled=&#8221;off&#8221; button_one_text_color__hover_enabled=&#8221;off&#8221; button_two_text_color__hover_enabled=&#8221;off&#8221; button_border_width__hover_enabled=&#8221;off&#8221; button_one_border_width__hover_enabled=&#8221;off&#8221; button_two_border_width__hover_enabled=&#8221;off&#8221; button_border_color__hover_enabled=&#8221;off&#8221; button_one_border_color__hover_enabled=&#8221;off&#8221; button_two_border_color__hover_enabled=&#8221;off&#8221; button_border_radius__hover_enabled=&#8221;off&#8221; button_one_border_radius__hover_enabled=&#8221;off&#8221; button_two_border_radius__hover_enabled=&#8221;off&#8221; button_letter_spacing__hover_enabled=&#8221;off&#8221; button_one_letter_spacing__hover_enabled=&#8221;off&#8221; button_two_letter_spacing__hover_enabled=&#8221;off&#8221; button_bg_color__hover_enabled=&#8221;off&#8221; button_one_bg_color__hover_enabled=&#8221;off&#8221; button_two_bg_color__hover_enabled=&#8221;off&#8221;][\/et_pb_contact_field][et_pb_contact_field field_id=&#8221;E-mail&#8221; field_title=&#8221;E-mail&#8221; field_type=&#8221;email&#8221; _builder_version=&#8221;3.16&#8243; button_text_size__hover_enabled=&#8221;off&#8221; button_one_text_size__hover_enabled=&#8221;off&#8221; button_two_text_size__hover_enabled=&#8221;off&#8221; button_text_color__hover_enabled=&#8221;off&#8221; button_one_text_color__hover_enabled=&#8221;off&#8221; button_two_text_color__hover_enabled=&#8221;off&#8221; button_border_width__hover_enabled=&#8221;off&#8221; button_one_border_width__hover_enabled=&#8221;off&#8221; button_two_border_width__hover_enabled=&#8221;off&#8221; button_border_color__hover_enabled=&#8221;off&#8221; button_one_border_color__hover_enabled=&#8221;off&#8221; button_two_border_color__hover_enabled=&#8221;off&#8221; button_border_radius__hover_enabled=&#8221;off&#8221; button_one_border_radius__hover_enabled=&#8221;off&#8221; button_two_border_radius__hover_enabled=&#8221;off&#8221; button_letter_spacing__hover_enabled=&#8221;off&#8221; button_one_letter_spacing__hover_enabled=&#8221;off&#8221; button_two_letter_spacing__hover_enabled=&#8221;off&#8221; button_bg_color__hover_enabled=&#8221;off&#8221; button_one_bg_color__hover_enabled=&#8221;off&#8221; button_two_bg_color__hover_enabled=&#8221;off&#8221;][\/et_pb_contact_field][et_pb_contact_field field_id=&#8221;Mensagem&#8221; field_title=&#8221;Mensagem&#8221; field_type=&#8221;text&#8221; fullwidth_field=&#8221;on&#8221; _builder_version=&#8221;3.16&#8243; button_text_size__hover_enabled=&#8221;off&#8221; button_one_text_size__hover_enabled=&#8221;off&#8221; button_two_text_size__hover_enabled=&#8221;off&#8221; button_text_color__hover_enabled=&#8221;off&#8221; button_one_text_color__hover_enabled=&#8221;off&#8221; button_two_text_color__hover_enabled=&#8221;off&#8221; button_border_width__hover_enabled=&#8221;off&#8221; button_one_border_width__hover_enabled=&#8221;off&#8221; button_two_border_width__hover_enabled=&#8221;off&#8221; button_border_color__hover_enabled=&#8221;off&#8221; button_one_border_color__hover_enabled=&#8221;off&#8221; button_two_border_color__hover_enabled=&#8221;off&#8221; button_border_radius__hover_enabled=&#8221;off&#8221; button_one_border_radius__hover_enabled=&#8221;off&#8221; button_two_border_radius__hover_enabled=&#8221;off&#8221; button_letter_spacing__hover_enabled=&#8221;off&#8221; button_one_letter_spacing__hover_enabled=&#8221;off&#8221; button_two_letter_spacing__hover_enabled=&#8221;off&#8221; button_bg_color__hover_enabled=&#8221;off&#8221; button_one_bg_color__hover_enabled=&#8221;off&#8221; button_two_bg_color__hover_enabled=&#8221;off&#8221;][\/et_pb_contact_field][\/et_pb_contact_form][et_pb_text admin_label=&#8221;Tels&#8221; _builder_version=&#8221;3.0.105&#8243; text_font=&#8221;Nunito||||&#8221; text_font_size=&#8221;16px&#8221; header_font=&#8221;Oswald|||on|&#8221; header_text_color=&#8221;#dca57d&#8221; header_font_size=&#8221;16px&#8221; header_letter_spacing=&#8221;2px&#8221; header_line_height=&#8221;1.7em&#8221; header_4_font=&#8221;Oswald|||on|||||&#8221; header_4_text_color=&#8221;#00b0bb&#8221; header_4_font_size=&#8221;16px&#8221; header_4_letter_spacing=&#8221;1px&#8221; header_4_line_height=&#8221;1.5em&#8221; background_layout=&#8221;dark&#8221; custom_margin=&#8221;||6%|&#8221;]<\/p>\n<h4>Telefone<\/h4>\n<p><strong>(61) 3321-7007<\/strong><br \/>\n[\/et_pb_text][et_pb_text admin_label=&#8221;E-mail&#8221; _builder_version=&#8221;3.0.105&#8243; text_font=&#8221;Nunito||||&#8221; text_font_size=&#8221;16px&#8221; header_font=&#8221;Oswald|||on|&#8221; header_text_color=&#8221;#dca57d&#8221; header_font_size=&#8221;16px&#8221; header_letter_spacing=&#8221;2px&#8221; header_line_height=&#8221;1.7em&#8221; header_4_font=&#8221;Oswald|||on|||||&#8221; header_4_text_color=&#8221;#00b0bb&#8221; header_4_font_size=&#8221;16px&#8221; header_4_letter_spacing=&#8221;1px&#8221; header_4_line_height=&#8221;1.5em&#8221; background_layout=&#8221;dark&#8221; custom_margin=&#8221;||6%|&#8221; locked=&#8221;off&#8221;]<\/p>\n<h4>E-mail<\/h4>\n<p><strong>settegraal@settegraal.com.br<\/strong><br \/>\n[\/et_pb_text][\/et_pb_column][\/et_pb_row][\/et_pb_section]<\/p>\n","protected":false},"excerpt":{"rendered":"<p>&nbsp; O real valor de uma boa marcaO projeto de branding do novo empreendimento empresarial da Emplavi deveria traduzir um novo patamar de exclusividade e alto padr\u00e3o. Por isso, depois de definido o nome, fomos na etimologia e no s\u00edmbolo do nome para criar a identidade visual. O platinum, vindo do latim, quando traduzido para [&hellip;]<\/p>\n","protected":false},"author":1,"featured_media":0,"parent":0,"menu_order":0,"comment_status":"closed","ping_status":"closed","template":"","meta":{"_et_pb_use_builder":"on","_et_pb_old_content":"","_et_gb_content_width":"","footnotes":""},"class_list":["post-5948","page","type-page","status-publish","hentry"],"_links":{"self":[{"href":"https:\/\/settegraal.com.br\/comunicacao\/wp-json\/wp\/v2\/pages\/5948","targetHints":{"allow":["GET"]}}],"collection":[{"href":"https:\/\/settegraal.com.br\/comunicacao\/wp-json\/wp\/v2\/pages"}],"about":[{"href":"https:\/\/settegraal.com.br\/comunicacao\/wp-json\/wp\/v2\/types\/page"}],"author":[{"embeddable":true,"href":"https:\/\/settegraal.com.br\/comunicacao\/wp-json\/wp\/v2\/users\/1"}],"replies":[{"embeddable":true,"href":"https:\/\/settegraal.com.br\/comunicacao\/wp-json\/wp\/v2\/comments?post=5948"}],"version-history":[{"count":9,"href":"https:\/\/settegraal.com.br\/comunicacao\/wp-json\/wp\/v2\/pages\/5948\/revisions"}],"predecessor-version":[{"id":6249,"href":"https:\/\/settegraal.com.br\/comunicacao\/wp-json\/wp\/v2\/pages\/5948\/revisions\/6249"}],"wp:attachment":[{"href":"https:\/\/settegraal.com.br\/comunicacao\/wp-json\/wp\/v2\/media?parent=5948"}],"curies":[{"name":"wp","href":"https:\/\/api.w.org\/{rel}","templated":true}]}}